{"id":1872,"date":"2024-06-18T10:18:49","date_gmt":"2024-06-18T09:18:49","guid":{"rendered":"https:\/\/turismo.regedouro.com\/?page_id=1872"},"modified":"2026-03-03T10:37:00","modified_gmt":"2026-03-03T10:37:00","slug":"campanhas","status":"publish","type":"page","link":"https:\/\/turismo.regedouro.com\/en\/campaigns\/","title":{"rendered":"Campaign"},"content":{"rendered":"<div class=\"row-imagem-inicial row-imagem-inicial__curta\"\r\n     style=\"background-image: var(--image-gradient), url('https:\/\/turismo.regedouro.com\/wp-content\/uploads\/2023\/12\/blog-room-service-scaled.jpg')\">\r\n    <div class=\"container\">\r\n        <h1>.<\/h1>\r\n        \r\n    <\/div>\r\n\r\n<\/div>\r\n\r\n\n\n\n<h2 class=\"wp-block-heading has-text-align-center\">Discover and Take Advantage of Our Current Offers!<\/h2>\n\n\n<div class=\"container-lg  row-com-imagens posicao-imagens-direita row-com-imagens__slider_simples is-slider\">\n    <div class=\"row gx-lg-6\">\n        <div class=\"col-lg-12 align-center texto\">\n            <h2>Women\u2019s Month with 15% Off &#038; Late Check Out<\/h2>\n            <div><p data-start=\"218\" data-end=\"409\">\ud83c\udf3f Celebrate your strength, your essence, and your time. This Women\u2019s Month, treat yourself to a peaceful escape in the heart of Alentejo \u2014 because taking care of yourself is a priority too.<\/p>\n<p data-start=\"411\" data-end=\"465\">Enjoy <strong data-start=\"313\" data-end=\"324\">15% Off<\/strong> your stay and relax without rushing with <strong data-start=\"366\" data-end=\"393\">Late Check-Out included<\/strong>.<\/p>\n<p data-start=\"467\" data-end=\"562\"><strong data-start=\"471\" data-end=\"501\">\ud83d\udc90 15% Off \u2013 Minimum 2 nights<\/strong><br data-start=\"501\" data-end=\"504\" \/>\ud83d\udcc5 <strong data-start=\"507\" data-end=\"532\">Stay \u2013 01\/03 to 31\/03<\/strong><br data-start=\"532\" data-end=\"535\" \/>\ud83d\udccc <strong data-start=\"538\" data-end=\"562\">Bookings until 31\/03<\/strong><\/p>\n<p data-start=\"510\" data-end=\"601\">Book now and celebrate Women\u2019s Month with tranquility, comfort, and time just for you. \ud83d\udc9b<\/p>\n<\/div>\n                        <a class=\"btn btn-regedouro-laranja align-center mb-5 mb-md-0\" href=\"https:\/\/hotels.cloudbeds.com\/reservation\/xsrAhK\">\n                Check Availability            <\/a>\n                    <\/div>\n        \t\t\t<div class=\"col-lg-12 align-center imagens imagens-slider imagens-slider-simples\">\n\t\t\t\t<div class=\"carousel--main\">\n                    <img loading=\"lazy\" decoding=\"async\" width=\"683\" height=\"1024\" src=\"https:\/\/turismo.regedouro.com\/wp-content\/uploads\/2024\/06\/IMG_5771-683x1024.jpg\" class=\"attachment-large size-large\" alt=\"\" srcset=\"https:\/\/turismo.regedouro.com\/wp-content\/uploads\/2024\/06\/IMG_5771-683x1024.jpg 683w, https:\/\/turismo.regedouro.com\/wp-content\/uploads\/2024\/06\/IMG_5771-200x300.jpg 200w, https:\/\/turismo.regedouro.com\/wp-content\/uploads\/2024\/06\/IMG_5771-480x720.jpg 480w, https:\/\/turismo.regedouro.com\/wp-content\/uploads\/2024\/06\/IMG_5771-720x1080.jpg 720w, https:\/\/turismo.regedouro.com\/wp-content\/uploads\/2024\/06\/IMG_5771-1440x2160.jpg 1440w, https:\/\/turismo.regedouro.com\/wp-content\/uploads\/2024\/06\/IMG_5771-1920x2880.jpg 1920w\" sizes=\"auto, (max-width: 683px) 100vw, 683px\" \/>\t\t\t\t<\/div>\n\t\t\t<\/div>\n\t\t    <\/div>\n<\/div>\n\n\n<div class=\"container-lg  row-com-imagens posicao-imagens-esquerda row-com-imagens__slider_simples is-slider\">\n    <div class=\"row gx-lg-6\">\n        <div class=\"col-lg-12 align-center texto\">\n            <h2>Hot Deal<\/h2>\n            <div><p>Take advantage of our special Hot Deal for a rural tourism experience in Alentejo. Discover Portugal like never before, immersing yourself in the tranquil rhythm of the slow life. Book now and embark on a unique relaxing trip.<\/p>\n<p><strong>Book without free cancellation and get a 10% discount!<\/strong><br \/>\n<em>*Offer not combinable<\/em><\/p>\n<p>&nbsp;<\/p>\n<\/div>\n                        <a class=\"btn btn-regedouro-laranja align-center mb-5 mb-md-0\" href=\"https:\/\/hotels.cloudbeds.com\/reservation\/xsrAhK\">\n                Check Availability            <\/a>\n                    <\/div>\n        \t\t\t<div class=\"col-lg-12 align-center imagens imagens-slider imagens-slider-simples\">\n\t\t\t\t<div class=\"carousel--main\">\n                    <img loading=\"lazy\" decoding=\"async\" width=\"1024\" height=\"660\" src=\"https:\/\/turismo.regedouro.com\/wp-content\/uploads\/2023\/06\/casa-da-custodia-1024x660.jpg\" class=\"attachment-large size-large\" alt=\"Turismo - casa da cust\u00f3dia - alojamento\" srcset=\"https:\/\/turismo.regedouro.com\/wp-content\/uploads\/2023\/06\/casa-da-custodia-1024x660.jpg 1024w, https:\/\/turismo.regedouro.com\/wp-content\/uploads\/2023\/06\/casa-da-custodia-300x193.jpg 300w, https:\/\/turismo.regedouro.com\/wp-content\/uploads\/2023\/06\/casa-da-custodia-768x495.jpg 768w, https:\/\/turismo.regedouro.com\/wp-content\/uploads\/2023\/06\/casa-da-custodia-1536x991.jpg 1536w, https:\/\/turismo.regedouro.com\/wp-content\/uploads\/2023\/06\/casa-da-custodia-2048x1321.jpg 2048w\" sizes=\"auto, (max-width: 1024px) 100vw, 1024px\" \/>\t\t\t\t<\/div>\n\t\t\t<\/div>\n\t\t    <\/div>\n<\/div>\n\n\n<div class=\"container-lg  row-com-imagens posicao-imagens-direita row-com-imagens__slider_simples is-slider\">\n    <div class=\"row gx-lg-6\">\n        <div class=\"col-lg-12 align-center texto\">\n            <h2>Early Bird Discount<\/h2>\n            <div><p>Plan your getaway to Alentejo in advance and discover the wonders of rural tourism. Experience Portugal at your own pace, enjoying a perfect relaxing trip. Live the slow life with our Early Bird Discount!<\/p>\n<p><strong>Book 60 days in advance and get a 20% discount!<\/strong><\/p>\n<p>&nbsp;<\/p>\n<\/div>\n                        <a class=\"btn btn-regedouro-laranja align-center mb-5 mb-md-0\" href=\"https:\/\/hotels.cloudbeds.com\/reservation\/xsrAhK\">\n                Check Availability            <\/a>\n                    <\/div>\n        \t\t\t<div class=\"col-lg-12 align-center imagens imagens-slider imagens-slider-simples\">\n\t\t\t\t<div class=\"carousel--main\">\n                    <img loading=\"lazy\" decoding=\"async\" width=\"1024\" height=\"737\" src=\"https:\/\/turismo.regedouro.com\/wp-content\/uploads\/2024\/04\/008-1024x737.jpg\" class=\"attachment-large size-large\" alt=\"\" srcset=\"https:\/\/turismo.regedouro.com\/wp-content\/uploads\/2024\/04\/008-1024x737.jpg 1024w, https:\/\/turismo.regedouro.com\/wp-content\/uploads\/2024\/04\/008-300x216.jpg 300w, https:\/\/turismo.regedouro.com\/wp-content\/uploads\/2024\/04\/008-480x345.jpg 480w, https:\/\/turismo.regedouro.com\/wp-content\/uploads\/2024\/04\/008-720x518.jpg 720w, https:\/\/turismo.regedouro.com\/wp-content\/uploads\/2024\/04\/008-1440x1036.jpg 1440w, https:\/\/turismo.regedouro.com\/wp-content\/uploads\/2024\/04\/008-1920x1381.jpg 1920w, https:\/\/turismo.regedouro.com\/wp-content\/uploads\/2024\/04\/008.jpg 2048w\" sizes=\"auto, (max-width: 1024px) 100vw, 1024px\" \/>\t\t\t\t<\/div>\n\t\t\t<\/div>\n\t\t    <\/div>\n<\/div>\n\n\n<div class=\"container-lg  row-com-imagens posicao-imagens-esquerda row-com-imagens__slider_simples is-slider\">\n    <div class=\"row gx-lg-6\">\n        <div class=\"col-lg-12 align-center texto\">\n            <h2>4-Night Special<\/h2>\n            <div><p>Extend your stay and immerse yourself in the rural tourism of Alentejo. With our 4Night Stay, you&#8217;ll have plenty of time to experience Portugal authentically, enjoying a relaxing trip in the heart of the slow life.<\/p>\n<p><strong>Book for 4 nights or more and get an 8% discount!<\/strong><br \/>\n<em>*Offer not combinable<\/em><\/p>\n<p>&nbsp;<\/p>\n<\/div>\n                        <a class=\"btn btn-regedouro-laranja align-center mb-5 mb-md-0\" href=\"https:\/\/hotels.cloudbeds.com\/reservation\/xsrAhK\">\n                Check Availability            <\/a>\n                    <\/div>\n        \t\t\t<div class=\"col-lg-12 align-center imagens imagens-slider imagens-slider-simples\">\n\t\t\t\t<div class=\"carousel--main\">\n                    <img loading=\"lazy\" decoding=\"async\" width=\"1024\" height=\"683\" src=\"https:\/\/turismo.regedouro.com\/wp-content\/uploads\/2024\/04\/010-6-1024x683.jpg\" class=\"attachment-large size-large\" alt=\"\" srcset=\"https:\/\/turismo.regedouro.com\/wp-content\/uploads\/2024\/04\/010-6-1024x683.jpg 1024w, https:\/\/turismo.regedouro.com\/wp-content\/uploads\/2024\/04\/010-6-300x200.jpg 300w, https:\/\/turismo.regedouro.com\/wp-content\/uploads\/2024\/04\/010-6-480x320.jpg 480w, https:\/\/turismo.regedouro.com\/wp-content\/uploads\/2024\/04\/010-6-720x480.jpg 720w, https:\/\/turismo.regedouro.com\/wp-content\/uploads\/2024\/04\/010-6-1440x960.jpg 1440w, https:\/\/turismo.regedouro.com\/wp-content\/uploads\/2024\/04\/010-6-1920x1280.jpg 1920w, https:\/\/turismo.regedouro.com\/wp-content\/uploads\/2024\/04\/010-6.jpg 2048w\" sizes=\"auto, (max-width: 1024px) 100vw, 1024px\" \/>\t\t\t\t<\/div>\n\t\t\t<\/div>\n\t\t    <\/div>\n<\/div>\n\n\n<div class=\"container-lg  row-com-imagens posicao-imagens-direita row-com-imagens__slider_simples is-slider\">\n    <div class=\"row gx-lg-6\">\n        <div class=\"col-lg-12 align-center texto\">\n            <h2>Gift Stay Voucher<\/h2>\n            <div><p>Give the gift of tranquility and adventure with a stay at S\u00e3o Br\u00e1s do Regedouro. This voucher entitles the bearer to an unforgettable experience in the heart of nature. Perfect for a romantic getaway or a peaceful retreat!<\/p>\n<p>Get in touch and request the voucher to give to someone special.<\/p>\n<p>&nbsp;<\/p>\n<\/div>\n                        <a class=\"btn btn-regedouro-laranja align-center mb-5 mb-md-0\" href=\"http:\/\/wa.me\/351926494291\">\n                Contact Us            <\/a>\n                    <\/div>\n        \t\t\t<div class=\"col-lg-12 align-center imagens imagens-slider imagens-slider-simples\">\n\t\t\t\t<div class=\"carousel--main\">\n                    <img loading=\"lazy\" decoding=\"async\" width=\"1024\" height=\"683\" src=\"https:\/\/turismo.regedouro.com\/wp-content\/uploads\/2024\/04\/027-3-1024x683.jpg\" class=\"attachment-large size-large\" alt=\"\" srcset=\"https:\/\/turismo.regedouro.com\/wp-content\/uploads\/2024\/04\/027-3-1024x683.jpg 1024w, https:\/\/turismo.regedouro.com\/wp-content\/uploads\/2024\/04\/027-3-300x200.jpg 300w, https:\/\/turismo.regedouro.com\/wp-content\/uploads\/2024\/04\/027-3-480x320.jpg 480w, https:\/\/turismo.regedouro.com\/wp-content\/uploads\/2024\/04\/027-3-720x480.jpg 720w, https:\/\/turismo.regedouro.com\/wp-content\/uploads\/2024\/04\/027-3-1440x960.jpg 1440w, https:\/\/turismo.regedouro.com\/wp-content\/uploads\/2024\/04\/027-3-1920x1280.jpg 1920w, https:\/\/turismo.regedouro.com\/wp-content\/uploads\/2024\/04\/027-3.jpg 2048w\" sizes=\"auto, (max-width: 1024px) 100vw, 1024px\" \/>\t\t\t\t<\/div>\n\t\t\t<\/div>\n\t\t    <\/div>\n<\/div>","protected":false},"excerpt":{"rendered":"<p>Discover and Take Advantage of Our Current Offers!<\/p>\n","protected":false},"author":1,"featured_media":1676,"parent":0,"menu_order":0,"comment_status":"closed","ping_status":"closed","template":"","meta":{"_acf_changed":false,"_joinchat":[],"footnotes":""},"class_list":["post-1872","page","type-page","status-publish","has-post-thumbnail"],"acf":[],"yoast_head":"<!-- This site is optimized with the Yoast SEO plugin v27.4 - https:\/\/yoast.com\/product\/yoast-seo-wordpress\/ -->\n<title>Campaign - S\u00e3o Br\u00e1s do Regedouro<\/title>\n<meta name=\"description\" content=\"Descubra as campanhas em vigo no site S\u00e3o Br\u00e1s do Regedouro e faz j\u00e1 a tua reserva neste recanto rural com experi\u00eancias \u00fanicas.\" \/>\n<meta name=\"robots\" content=\"index, follow, max-snippet:-1, max-image-preview:large, max-video-preview:-1\" \/>\n<link rel=\"canonical\" href=\"https:\/\/turismo.regedouro.com\/es\/campanas\/\" \/>\n<meta property=\"og:locale\" content=\"en_US\" \/>\n<meta property=\"og:type\" content=\"article\" \/>\n<meta property=\"og:title\" content=\"[:pt]Campanhas[:en]Campaign[:es]Campa\u00f1a[:] - S\u00e3o Br\u00e1s do Regedouro\" \/>\n<meta property=\"og:description\" content=\"Descubra as campanhas em vigo no site S\u00e3o Br\u00e1s do Regedouro e faz j\u00e1 a tua reserva neste recanto rural com experi\u00eancias \u00fanicas.\" \/>\n<meta property=\"og:url\" content=\"https:\/\/turismo.regedouro.com\/es\/campanas\/\" \/>\n<meta property=\"og:site_name\" content=\"S\u00e3o Br\u00e1s do Regedouro\" \/>\n<meta property=\"article:publisher\" content=\"https:\/\/www.facebook.com\/saobrasdoregedouro\" \/>\n<meta property=\"article:modified_time\" content=\"2026-03-03T10:37:00+00:00\" \/>\n<meta property=\"og:image\" content=\"https:\/\/turismo.regedouro.com\/wp-content\/uploads\/2024\/05\/IMG_7926.jpg\" \/>\n\t<meta property=\"og:image:width\" content=\"2048\" \/>\n\t<meta property=\"og:image:height\" content=\"1365\" \/>\n\t<meta property=\"og:image:type\" content=\"image\/jpeg\" \/>\n<meta name=\"twitter:card\" content=\"summary_large_image\" \/>\n<meta name=\"twitter:label1\" content=\"Est. reading time\" \/>\n\t<meta name=\"twitter:data1\" content=\"1 minute\" \/>\n<script type=\"application\/ld+json\" class=\"yoast-schema-graph\">{\"@context\":\"https:\\\/\\\/schema.org\",\"@graph\":[{\"@type\":\"WebPage\",\"@id\":\"https:\\\/\\\/turismo.regedouro.com\\\/es\\\/campanas\\\/\",\"url\":\"https:\\\/\\\/turismo.regedouro.com\\\/es\\\/campanas\\\/\",\"name\":\"[:pt]Campanhas[:en]Campaign[:es]Campa\u00f1a[:] - S\u00e3o Br\u00e1s do Regedouro\",\"isPartOf\":{\"@id\":\"https:\\\/\\\/turismo.regedouro.com\\\/#website\"},\"primaryImageOfPage\":{\"@id\":\"https:\\\/\\\/turismo.regedouro.com\\\/es\\\/campanas\\\/#primaryimage\"},\"image\":{\"@id\":\"https:\\\/\\\/turismo.regedouro.com\\\/es\\\/campanas\\\/#primaryimage\"},\"thumbnailUrl\":\"https:\\\/\\\/turismo.regedouro.com\\\/wp-content\\\/uploads\\\/2024\\\/05\\\/IMG_7926.jpg\",\"datePublished\":\"2024-06-18T09:18:49+00:00\",\"dateModified\":\"2026-03-03T10:37:00+00:00\",\"description\":\"Descubra as campanhas em vigo no site S\u00e3o Br\u00e1s do Regedouro e faz j\u00e1 a tua reserva neste recanto rural com experi\u00eancias \u00fanicas.\",\"breadcrumb\":{\"@id\":\"https:\\\/\\\/turismo.regedouro.com\\\/es\\\/campanas\\\/#breadcrumb\"},\"inLanguage\":\"en-US\",\"potentialAction\":[{\"@type\":\"ReadAction\",\"target\":[\"https:\\\/\\\/turismo.regedouro.com\\\/es\\\/campanas\\\/\"]}]},{\"@type\":\"ImageObject\",\"inLanguage\":\"en-US\",\"@id\":\"https:\\\/\\\/turismo.regedouro.com\\\/es\\\/campanas\\\/#primaryimage\",\"url\":\"https:\\\/\\\/turismo.regedouro.com\\\/wp-content\\\/uploads\\\/2024\\\/05\\\/IMG_7926.jpg\",\"contentUrl\":\"https:\\\/\\\/turismo.regedouro.com\\\/wp-content\\\/uploads\\\/2024\\\/05\\\/IMG_7926.jpg\",\"width\":2048,\"height\":1365},{\"@type\":\"BreadcrumbList\",\"@id\":\"https:\\\/\\\/turismo.regedouro.com\\\/es\\\/campanas\\\/#breadcrumb\",\"itemListElement\":[{\"@type\":\"ListItem\",\"position\":1,\"name\":\"Home\",\"item\":\"https:\\\/\\\/turismo.regedouro.com\\\/es\\\/\"},{\"@type\":\"ListItem\",\"position\":2,\"name\":\"Campa\u00f1a\"}]},{\"@type\":\"WebSite\",\"@id\":\"https:\\\/\\\/turismo.regedouro.com\\\/#website\",\"url\":\"https:\\\/\\\/turismo.regedouro.com\\\/\",\"name\":\"S\u00e3o Br\u00e1s do Regedouro - Turismo na Aldeia\",\"description\":\"Turismo na Aldeia\",\"publisher\":{\"@id\":\"https:\\\/\\\/turismo.regedouro.com\\\/#organization\"},\"potentialAction\":[{\"@type\":\"SearchAction\",\"target\":{\"@type\":\"EntryPoint\",\"urlTemplate\":\"https:\\\/\\\/turismo.regedouro.com\\\/?s={search_term_string}\"},\"query-input\":{\"@type\":\"PropertyValueSpecification\",\"valueRequired\":true,\"valueName\":\"search_term_string\"}}],\"inLanguage\":\"en-US\"},{\"@type\":\"Organization\",\"@id\":\"https:\\\/\\\/turismo.regedouro.com\\\/#organization\",\"name\":\"S\u00e3o Br\u00e1s do Regedouro - Turismo na Aldeia\",\"url\":\"https:\\\/\\\/turismo.regedouro.com\\\/\",\"logo\":{\"@type\":\"ImageObject\",\"inLanguage\":\"en-US\",\"@id\":\"https:\\\/\\\/turismo.regedouro.com\\\/#\\\/schema\\\/logo\\\/image\\\/\",\"url\":\"https:\\\/\\\/turismo.regedouro.com\\\/wp-content\\\/uploads\\\/2023\\\/06\\\/cropped-Horizontal_Azul-1.png\",\"contentUrl\":\"https:\\\/\\\/turismo.regedouro.com\\\/wp-content\\\/uploads\\\/2023\\\/06\\\/cropped-Horizontal_Azul-1.png\",\"width\":512,\"height\":512,\"caption\":\"S\u00e3o Br\u00e1s do Regedouro - Turismo na Aldeia\"},\"image\":{\"@id\":\"https:\\\/\\\/turismo.regedouro.com\\\/#\\\/schema\\\/logo\\\/image\\\/\"},\"sameAs\":[\"https:\\\/\\\/www.facebook.com\\\/saobrasdoregedouro\",\"https:\\\/\\\/www.instagram.com\\\/saobrasdoregedouro\\\/\"]}]}<\/script>\n<!-- \/ Yoast SEO plugin. -->","yoast_head_json":{"title":"[:pt]Campanhas[:en]Campaign[:es]Campa\u00f1a[:] - S\u00e3o Br\u00e1s do Regedouro","description":"Descubra as campanhas em vigo no site S\u00e3o Br\u00e1s do Regedouro e faz j\u00e1 a tua reserva neste recanto rural com experi\u00eancias \u00fanicas.","robots":{"index":"index","follow":"follow","max-snippet":"max-snippet:-1","max-image-preview":"max-image-preview:large","max-video-preview":"max-video-preview:-1"},"canonical":"https:\/\/turismo.regedouro.com\/es\/campanas\/","og_locale":"en_US","og_type":"article","og_title":"[:pt]Campanhas[:en]Campaign[:es]Campa\u00f1a[:] - S\u00e3o Br\u00e1s do Regedouro","og_description":"Descubra as campanhas em vigo no site S\u00e3o Br\u00e1s do Regedouro e faz j\u00e1 a tua reserva neste recanto rural com experi\u00eancias \u00fanicas.","og_url":"https:\/\/turismo.regedouro.com\/es\/campanas\/","og_site_name":"S\u00e3o Br\u00e1s do Regedouro","article_publisher":"https:\/\/www.facebook.com\/saobrasdoregedouro","article_modified_time":"2026-03-03T10:37:00+00:00","og_image":[{"width":2048,"height":1365,"url":"https:\/\/turismo.regedouro.com\/wp-content\/uploads\/2024\/05\/IMG_7926.jpg","type":"image\/jpeg"}],"twitter_card":"summary_large_image","twitter_misc":{"Est. reading time":"1 minute"},"schema":{"@context":"https:\/\/schema.org","@graph":[{"@type":"WebPage","@id":"https:\/\/turismo.regedouro.com\/es\/campanas\/","url":"https:\/\/turismo.regedouro.com\/es\/campanas\/","name":"[:pt]Campanhas[:en]Campaign[:es]Campa\u00f1a[:] - S\u00e3o Br\u00e1s do Regedouro","isPartOf":{"@id":"https:\/\/turismo.regedouro.com\/#website"},"primaryImageOfPage":{"@id":"https:\/\/turismo.regedouro.com\/es\/campanas\/#primaryimage"},"image":{"@id":"https:\/\/turismo.regedouro.com\/es\/campanas\/#primaryimage"},"thumbnailUrl":"https:\/\/turismo.regedouro.com\/wp-content\/uploads\/2024\/05\/IMG_7926.jpg","datePublished":"2024-06-18T09:18:49+00:00","dateModified":"2026-03-03T10:37:00+00:00","description":"Descubra as campanhas em vigo no site S\u00e3o Br\u00e1s do Regedouro e faz j\u00e1 a tua reserva neste recanto rural com experi\u00eancias \u00fanicas.","breadcrumb":{"@id":"https:\/\/turismo.regedouro.com\/es\/campanas\/#breadcrumb"},"inLanguage":"en-US","potentialAction":[{"@type":"ReadAction","target":["https:\/\/turismo.regedouro.com\/es\/campanas\/"]}]},{"@type":"ImageObject","inLanguage":"en-US","@id":"https:\/\/turismo.regedouro.com\/es\/campanas\/#primaryimage","url":"https:\/\/turismo.regedouro.com\/wp-content\/uploads\/2024\/05\/IMG_7926.jpg","contentUrl":"https:\/\/turismo.regedouro.com\/wp-content\/uploads\/2024\/05\/IMG_7926.jpg","width":2048,"height":1365},{"@type":"BreadcrumbList","@id":"https:\/\/turismo.regedouro.com\/es\/campanas\/#breadcrumb","itemListElement":[{"@type":"ListItem","position":1,"name":"Home","item":"https:\/\/turismo.regedouro.com\/es\/"},{"@type":"ListItem","position":2,"name":"Campa\u00f1a"}]},{"@type":"WebSite","@id":"https:\/\/turismo.regedouro.com\/#website","url":"https:\/\/turismo.regedouro.com\/","name":"S\u00e3o Br\u00e1s do Regedouro - Turismo na Aldeia","description":"Turismo na Aldeia","publisher":{"@id":"https:\/\/turismo.regedouro.com\/#organization"},"potentialAction":[{"@type":"SearchAction","target":{"@type":"EntryPoint","urlTemplate":"https:\/\/turismo.regedouro.com\/?s={search_term_string}"},"query-input":{"@type":"PropertyValueSpecification","valueRequired":true,"valueName":"search_term_string"}}],"inLanguage":"en-US"},{"@type":"Organization","@id":"https:\/\/turismo.regedouro.com\/#organization","name":"S\u00e3o Br\u00e1s do Regedouro - Turismo na Aldeia","url":"https:\/\/turismo.regedouro.com\/","logo":{"@type":"ImageObject","inLanguage":"en-US","@id":"https:\/\/turismo.regedouro.com\/#\/schema\/logo\/image\/","url":"https:\/\/turismo.regedouro.com\/wp-content\/uploads\/2023\/06\/cropped-Horizontal_Azul-1.png","contentUrl":"https:\/\/turismo.regedouro.com\/wp-content\/uploads\/2023\/06\/cropped-Horizontal_Azul-1.png","width":512,"height":512,"caption":"S\u00e3o Br\u00e1s do Regedouro - Turismo na Aldeia"},"image":{"@id":"https:\/\/turismo.regedouro.com\/#\/schema\/logo\/image\/"},"sameAs":["https:\/\/www.facebook.com\/saobrasdoregedouro","https:\/\/www.instagram.com\/saobrasdoregedouro\/"]}]}},"_links":{"self":[{"href":"https:\/\/turismo.regedouro.com\/en\/wp-json\/wp\/v2\/pages\/1872","targetHints":{"allow":["GET"]}}],"collection":[{"href":"https:\/\/turismo.regedouro.com\/en\/wp-json\/wp\/v2\/pages"}],"about":[{"href":"https:\/\/turismo.regedouro.com\/en\/wp-json\/wp\/v2\/types\/page"}],"author":[{"embeddable":true,"href":"https:\/\/turismo.regedouro.com\/en\/wp-json\/wp\/v2\/users\/1"}],"replies":[{"embeddable":true,"href":"https:\/\/turismo.regedouro.com\/en\/wp-json\/wp\/v2\/comments?post=1872"}],"version-history":[{"count":100,"href":"https:\/\/turismo.regedouro.com\/en\/wp-json\/wp\/v2\/pages\/1872\/revisions"}],"predecessor-version":[{"id":2507,"href":"https:\/\/turismo.regedouro.com\/en\/wp-json\/wp\/v2\/pages\/1872\/revisions\/2507"}],"wp:featuredmedia":[{"embeddable":true,"href":"https:\/\/turismo.regedouro.com\/en\/wp-json\/wp\/v2\/media\/1676"}],"wp:attachment":[{"href":"https:\/\/turismo.regedouro.com\/en\/wp-json\/wp\/v2\/media?parent=1872"}],"curies":[{"name":"wp","href":"https:\/\/api.w.org\/{rel}","templated":true}]}}