{"id":1774,"date":"2024-06-07T10:01:53","date_gmt":"2024-06-07T09:01:53","guid":{"rendered":"https:\/\/turismo.regedouro.com\/?page_id=1774"},"modified":"2025-08-28T14:18:19","modified_gmt":"2025-08-28T13:18:19","slug":"guia-do-aldeao","status":"publish","type":"page","link":"https:\/\/turismo.regedouro.com\/en\/villager-guide\/","title":{"rendered":"Villager Guide"},"content":{"rendered":"<div class=\"row-imagem-inicial row-imagem-inicial__curta\"\r\n     style=\"background-image: var(--image-gradient), url('https:\/\/turismo.regedouro.com\/wp-content\/uploads\/2024\/05\/IMG_7926-1920x1280.jpg')\">\r\n    <div class=\"container\">\r\n        <h1>Villager Guide<\/h1>\r\n        \r\n    <\/div>\r\n\r\n<\/div>\r\n\r\n\n\n\n<h1 class=\"wp-block-heading has-text-align-center\">Villager Guide: S\u00e3o Br\u00e1s do Regedouro<\/h1>\n\n\n\n<h3 class=\"wp-block-heading has-text-align-center\">Explore the Beauty and Tranquility of Alentejo<\/h3>\n\n\n\n<p class=\"has-text-align-center\"><strong>Welcome to Our Village!<\/strong><br>We are delighted to welcome you and share the&nbsp;serenity and beauty&nbsp;of our village with you.<\/p>\n\n\n\n<p class=\"has-text-align-center\">To ensure that your stay is&nbsp;authentic and unforgettable, we have prepared this&nbsp;Villager\u2019s Guide&nbsp;with everything you need to make the most of your experience.<\/p>\n\n\n\n<p class=\"has-text-align-center\">We kindly ask you <strong>to read through all the information carefully<\/strong> so you can fully enjoy our&nbsp;space and services.<\/p>\n\n\n<div class=\"container-lg  row-com-imagens posicao-imagens-esquerda row-com-imagens__slider_simples is-slider\">\n    <div class=\"row gx-lg-6\">\n        <div class=\"col-lg-12 align-center texto\">\n            <h2>Authenticity and Comfort in the Village<\/h2>\n            <div><p data-start=\"47\" data-end=\"461\">Our houses preserve the traditional architecture, with stone walls that ensure a cool and cozy atmosphere. While Wi-Fi may occasionally be affected, this is the perfect opportunity to disconnect and embrace the tranquility of Alentejo. The wooden roofs, true to the original construction, may produce soft sounds with temperature variations\u2014a charming detail that adds to the village\u2019s character.<\/p>\n<p data-start=\"463\" data-end=\"780\">The interconnected patios encourage interaction among guests, recreating the spirit of a traditional village. For stays longer than four days, housekeeping is provided every two days. Your pet is welcome, we only ask that it remains on a leash outside the house and avoids the pool area.<\/p>\n<\/div>\n                    <\/div>\n        \t\t\t<div class=\"col-lg-12 align-center imagens imagens-slider imagens-slider-simples\">\n\t\t\t\t<div class=\"carousel--main\">\n                    <img loading=\"lazy\" decoding=\"async\" width=\"683\" height=\"1024\" src=\"https:\/\/turismo.regedouro.com\/wp-content\/uploads\/2024\/04\/009-5-683x1024.jpg\" class=\"attachment-large size-large\" alt=\"\" srcset=\"https:\/\/turismo.regedouro.com\/wp-content\/uploads\/2024\/04\/009-5-683x1024.jpg 683w, https:\/\/turismo.regedouro.com\/wp-content\/uploads\/2024\/04\/009-5-200x300.jpg 200w, https:\/\/turismo.regedouro.com\/wp-content\/uploads\/2024\/04\/009-5-480x720.jpg 480w, https:\/\/turismo.regedouro.com\/wp-content\/uploads\/2024\/04\/009-5-720x1080.jpg 720w, https:\/\/turismo.regedouro.com\/wp-content\/uploads\/2024\/04\/009-5.jpg 1365w\" sizes=\"auto, (max-width: 683px) 100vw, 683px\" \/>\t\t\t\t<\/div>\n\t\t\t<\/div>\n\t\t    <\/div>\n<\/div>\n\n\n<div class=\"container-lg  row-com-imagens posicao-imagens-direita row-com-imagens__slider_simples is-slider\">\n    <div class=\"row gx-lg-6\">\n        <div class=\"col-lg-12 align-center texto\">\n            <h2>Choose Your Breakfast<\/h2>\n            <div><p data-start=\"29\" data-end=\"285\">We want your day to start in the best possible way, with a delicious breakfast delivered directly to your door. Every day, you can select your preferred items from our menu and send your choice to the reception by 1:00 PM on the previous day.<\/p>\n<p data-start=\"287\" data-end=\"426\" data-is-last-node=\"\">To support the sustainability of our village, we encourage you to request only what you will consume, helping to reduce food waste.<\/p>\n<\/div>\n                        <a class=\"btn btn-regedouro-laranja align-center mb-5 mb-md-0\" href=\"https:\/\/turismo.regedouro.com\/wp-content\/uploads\/2025\/02\/English-Breakfast.png\">\n                Breakfast List            <\/a>\n                    <\/div>\n        \t\t\t<div class=\"col-lg-12 align-center imagens imagens-slider imagens-slider-simples\">\n\t\t\t\t<div class=\"carousel--main\">\n                    <img loading=\"lazy\" decoding=\"async\" width=\"1024\" height=\"683\" src=\"https:\/\/turismo.regedouro.com\/wp-content\/uploads\/2024\/06\/IMG_5089-2-1024x683.jpg\" class=\"attachment-large size-large\" alt=\"\" srcset=\"https:\/\/turismo.regedouro.com\/wp-content\/uploads\/2024\/06\/IMG_5089-2-1024x683.jpg 1024w, https:\/\/turismo.regedouro.com\/wp-content\/uploads\/2024\/06\/IMG_5089-2-300x200.jpg 300w, https:\/\/turismo.regedouro.com\/wp-content\/uploads\/2024\/06\/IMG_5089-2-480x320.jpg 480w, https:\/\/turismo.regedouro.com\/wp-content\/uploads\/2024\/06\/IMG_5089-2-720x480.jpg 720w, https:\/\/turismo.regedouro.com\/wp-content\/uploads\/2024\/06\/IMG_5089-2-1440x960.jpg 1440w, https:\/\/turismo.regedouro.com\/wp-content\/uploads\/2024\/06\/IMG_5089-2-1920x1280.jpg 1920w, https:\/\/turismo.regedouro.com\/wp-content\/uploads\/2024\/06\/IMG_5089-2.jpg 2048w\" sizes=\"auto, (max-width: 1024px) 100vw, 1024px\" \/>\t\t\t\t<\/div>\n\t\t\t<\/div>\n\t\t    <\/div>\n<\/div>\n\n\n<div class=\"container-lg  row-com-imagens posicao-imagens-esquerda row-com-imagens__slider_simples is-slider\">\n    <div class=\"row gx-lg-6\">\n        <div class=\"col-lg-12 align-center texto\">\n            <h2>Choose Your Experiences<\/h2>\n            <div><p data-start=\"31\" data-end=\"318\">We offer a variety of activities to enrich your stay. Enjoy relaxing afternoons by the pool, explore historic trails, and take part in seasonal experiences. You can also indulge in wine and olive oil tastings or join our traditional Alentejan cooking workshops.<\/p>\n<p data-start=\"320\" data-end=\"452\" data-is-last-node=\"\">Check our Activity Guide for more details and book your experience with our team. We hope you make the most of every moment.<\/p>\n<\/div>\n                        <a class=\"btn btn-regedouro-laranja align-center mb-5 mb-md-0\" href=\"https:\/\/turismo.regedouro.com\/wp-content\/uploads\/2025\/08\/Activities-guide-ENG-5.pdf\">\n                Activities Guide            <\/a>\n                    <\/div>\n        \t\t\t<div class=\"col-lg-12 align-center imagens imagens-slider imagens-slider-simples\">\n\t\t\t\t<div class=\"carousel--main\">\n                    <img loading=\"lazy\" decoding=\"async\" width=\"1024\" height=\"704\" src=\"https:\/\/turismo.regedouro.com\/wp-content\/uploads\/2024\/03\/IMG_6781-e1710849250692-1024x704.jpg\" class=\"attachment-large size-large\" alt=\"\" srcset=\"https:\/\/turismo.regedouro.com\/wp-content\/uploads\/2024\/03\/IMG_6781-e1710849250692-1024x704.jpg 1024w, https:\/\/turismo.regedouro.com\/wp-content\/uploads\/2024\/03\/IMG_6781-e1710849250692-300x206.jpg 300w, https:\/\/turismo.regedouro.com\/wp-content\/uploads\/2024\/03\/IMG_6781-e1710849250692-480x330.jpg 480w, https:\/\/turismo.regedouro.com\/wp-content\/uploads\/2024\/03\/IMG_6781-e1710849250692-720x495.jpg 720w, https:\/\/turismo.regedouro.com\/wp-content\/uploads\/2024\/03\/IMG_6781-e1710849250692-1440x990.jpg 1440w, https:\/\/turismo.regedouro.com\/wp-content\/uploads\/2024\/03\/IMG_6781-e1710849250692-1920x1320.jpg 1920w, https:\/\/turismo.regedouro.com\/wp-content\/uploads\/2024\/03\/IMG_6781-e1710849250692-768x528.jpg 768w, https:\/\/turismo.regedouro.com\/wp-content\/uploads\/2024\/03\/IMG_6781-e1710849250692-1536x1056.jpg 1536w, https:\/\/turismo.regedouro.com\/wp-content\/uploads\/2024\/03\/IMG_6781-e1710849250692.jpg 2024w\" sizes=\"auto, (max-width: 1024px) 100vw, 1024px\" \/>\t\t\t\t<\/div>\n\t\t\t<\/div>\n\t\t    <\/div>\n<\/div>\n\n\n<div class=\"container-lg  row-com-imagens posicao-imagens-direita row-com-imagens__slider_simples is-slider\">\n    <div class=\"row gx-lg-6\">\n        <div class=\"col-lg-12 align-center texto\">\n            <h2>Where to Eat?<\/h2>\n            <div><p data-start=\"80\" data-end=\"373\">Although we don\u2019t have a restaurant in the village, we want you to feel at home \u2014 especially at the table. That\u2019s why we offer an exclusive homemade menu, perfect for those who don\u2019t want to miss the comfort of a lovingly prepared meal, delivered right to your door.<\/p>\n<p data-start=\"80\" data-end=\"373\">If you prefer to go out and explore the local flavours, we\u2019re happy to recommend some traditional partner restaurants nearby. Some of them even deliver to the village.<\/p>\n<\/div>\n                        <a class=\"btn btn-regedouro-laranja align-center mb-5 mb-md-0\" href=\"https:\/\/turismo.regedouro.com\/wp-content\/uploads\/2025\/08\/O-Regedouro-Homemade-Meals.pdf\">\n                Homemade Menu            <\/a>\n                    <\/div>\n        \t\t\t<div class=\"col-lg-12 align-center imagens imagens-slider imagens-slider-simples\">\n\t\t\t\t<div class=\"carousel--main\">\n                    <img loading=\"lazy\" decoding=\"async\" width=\"1024\" height=\"683\" src=\"https:\/\/turismo.regedouro.com\/wp-content\/uploads\/2024\/06\/IMG_6784-1024x683.jpg\" class=\"attachment-large size-large\" alt=\"\" srcset=\"https:\/\/turismo.regedouro.com\/wp-content\/uploads\/2024\/06\/IMG_6784-1024x683.jpg 1024w, https:\/\/turismo.regedouro.com\/wp-content\/uploads\/2024\/06\/IMG_6784-300x200.jpg 300w, https:\/\/turismo.regedouro.com\/wp-content\/uploads\/2024\/06\/IMG_6784-480x320.jpg 480w, https:\/\/turismo.regedouro.com\/wp-content\/uploads\/2024\/06\/IMG_6784-720x480.jpg 720w, https:\/\/turismo.regedouro.com\/wp-content\/uploads\/2024\/06\/IMG_6784-1440x960.jpg 1440w, https:\/\/turismo.regedouro.com\/wp-content\/uploads\/2024\/06\/IMG_6784-1920x1280.jpg 1920w, https:\/\/turismo.regedouro.com\/wp-content\/uploads\/2024\/06\/IMG_6784.jpg 2048w\" sizes=\"auto, (max-width: 1024px) 100vw, 1024px\" \/>\t\t\t\t<\/div>\n\t\t\t<\/div>\n\t\t    <\/div>\n<\/div>\n\n\n<div class=\"container stacked-images posicao-imagens-esquerda\">\r\n    <div class=\"row gx-lg-6\">\r\n        <div class=\"col-md-12 align-center texto\">\r\n            <h2>Share Your Moments<\/h2>\r\n            <div><p data-start=\"26\" data-end=\"292\">We would love to see how you are enjoying your days in the village. Follow us on social media, tag us in your photos, and use the hashtag #SaoBrasDoRegedouro. Your pictures may be featured on our pages, as we love to showcase the experiences of our guests. \u2764\ufe0f<\/p>\n<p data-start=\"294\" data-end=\"425\" data-is-last-node=\"\">Feel part of our community, even if just for a few days. Cherish every moment and embrace the authentic village experience!<\/p>\n<\/div>\r\n                    <\/div>\r\n        <div class=\"col-md-12 imagens imagens-\">\r\n            <img loading=\"lazy\" decoding=\"async\" width=\"720\" height=\"720\" src=\"https:\/\/turismo.regedouro.com\/wp-content\/uploads\/2023\/09\/estadias-02-720x720.jpg\" class=\"attachment-md size-md\" alt=\"\" srcset=\"https:\/\/turismo.regedouro.com\/wp-content\/uploads\/2023\/09\/estadias-02-720x720.jpg 720w, https:\/\/turismo.regedouro.com\/wp-content\/uploads\/2023\/09\/estadias-02-300x300.jpg 300w, https:\/\/turismo.regedouro.com\/wp-content\/uploads\/2023\/09\/estadias-02-1024x1024.jpg 1024w, https:\/\/turismo.regedouro.com\/wp-content\/uploads\/2023\/09\/estadias-02-150x150.jpg 150w, https:\/\/turismo.regedouro.com\/wp-content\/uploads\/2023\/09\/estadias-02-480x480.jpg 480w, https:\/\/turismo.regedouro.com\/wp-content\/uploads\/2023\/09\/estadias-02.jpg 1080w\" sizes=\"auto, (max-width: 720px) 100vw, 720px\" \/><img loading=\"lazy\" decoding=\"async\" width=\"720\" height=\"720\" src=\"https:\/\/turismo.regedouro.com\/wp-content\/uploads\/2023\/09\/estadias-03-720x720.jpg\" class=\"attachment-md size-md\" alt=\"\" srcset=\"https:\/\/turismo.regedouro.com\/wp-content\/uploads\/2023\/09\/estadias-03-720x720.jpg 720w, https:\/\/turismo.regedouro.com\/wp-content\/uploads\/2023\/09\/estadias-03-300x300.jpg 300w, https:\/\/turismo.regedouro.com\/wp-content\/uploads\/2023\/09\/estadias-03-1024x1024.jpg 1024w, https:\/\/turismo.regedouro.com\/wp-content\/uploads\/2023\/09\/estadias-03-150x150.jpg 150w, https:\/\/turismo.regedouro.com\/wp-content\/uploads\/2023\/09\/estadias-03-480x480.jpg 480w, https:\/\/turismo.regedouro.com\/wp-content\/uploads\/2023\/09\/estadias-03.jpg 1080w\" sizes=\"auto, (max-width: 720px) 100vw, 720px\" \/><img loading=\"lazy\" decoding=\"async\" width=\"720\" height=\"720\" src=\"https:\/\/turismo.regedouro.com\/wp-content\/uploads\/2023\/09\/estadias-720x720.jpg\" class=\"attachment-md size-md\" alt=\"\" srcset=\"https:\/\/turismo.regedouro.com\/wp-content\/uploads\/2023\/09\/estadias-720x720.jpg 720w, https:\/\/turismo.regedouro.com\/wp-content\/uploads\/2023\/09\/estadias-300x300.jpg 300w, https:\/\/turismo.regedouro.com\/wp-content\/uploads\/2023\/09\/estadias-1024x1024.jpg 1024w, https:\/\/turismo.regedouro.com\/wp-content\/uploads\/2023\/09\/estadias-150x150.jpg 150w, https:\/\/turismo.regedouro.com\/wp-content\/uploads\/2023\/09\/estadias-480x480.jpg 480w, https:\/\/turismo.regedouro.com\/wp-content\/uploads\/2023\/09\/estadias.jpg 1080w\" sizes=\"auto, (max-width: 720px) 100vw, 720px\" \/>        <\/div>\r\n    <\/div>\r\n<\/div>","protected":false},"excerpt":{"rendered":"<p>Villager Guide: S\u00e3o Br\u00e1s do Regedouro Explore the Beauty and Tranquility of Alentejo Welcome to Our Village!We are delighted to &#8230; <a title=\"Villager Guide\" class=\"read-more\" href=\"https:\/\/turismo.regedouro.com\/en\/villager-guide\/\" aria-label=\"Read more about Villager Guide\">Read more<\/a><\/p>\n","protected":false},"author":1,"featured_media":511,"parent":0,"menu_order":0,"comment_status":"closed","ping_status":"closed","template":"","meta":{"_acf_changed":false,"_joinchat":[],"footnotes":""},"class_list":["post-1774","page","type-page","status-publish","has-post-thumbnail"],"acf":[],"yoast_head":"<!-- This site is optimized with the Yoast SEO plugin v27.4 - https:\/\/yoast.com\/product\/yoast-seo-wordpress\/ -->\n<title>Villager Guide - S\u00e3o Br\u00e1s do Regedouro<\/title>\n<meta name=\"description\" content=\"Descubra tudo o que precisa saber antes de nos visitar, para tornar a sua estadia mais agrad\u00e1vel e confort\u00e1vel!\" \/>\n<meta name=\"robots\" content=\"index, follow, max-snippet:-1, max-image-preview:large, max-video-preview:-1\" \/>\n<link rel=\"canonical\" href=\"https:\/\/turismo.regedouro.com\/en\/villager-guide\/\" \/>\n<meta property=\"og:locale\" content=\"en_US\" \/>\n<meta property=\"og:type\" content=\"article\" \/>\n<meta property=\"og:title\" content=\"[:pt]Guia do Alde\u00e3o[:en]Villager Guide[:es]Gu\u00eda del Aldeano[:] - S\u00e3o Br\u00e1s do Regedouro\" \/>\n<meta property=\"og:description\" content=\"Descubra tudo o que precisa saber antes de nos visitar, para tornar a sua estadia mais agrad\u00e1vel e confort\u00e1vel!\" \/>\n<meta property=\"og:url\" content=\"https:\/\/turismo.regedouro.com\/en\/villager-guide\/\" \/>\n<meta property=\"og:site_name\" content=\"S\u00e3o Br\u00e1s do Regedouro\" \/>\n<meta property=\"article:publisher\" content=\"https:\/\/www.facebook.com\/saobrasdoregedouro\" \/>\n<meta property=\"article:modified_time\" content=\"2025-08-28T13:18:19+00:00\" \/>\n<meta property=\"og:image\" content=\"https:\/\/turismo.regedouro.com\/wp-content\/uploads\/2023\/06\/baguinho-e-esposa-e1688565280762.jpg\" \/>\n\t<meta property=\"og:image:width\" content=\"1364\" \/>\n\t<meta property=\"og:image:height\" content=\"709\" \/>\n\t<meta property=\"og:image:type\" content=\"image\/jpeg\" \/>\n<meta name=\"twitter:card\" content=\"summary_large_image\" \/>\n<meta name=\"twitter:label1\" content=\"Est. reading time\" \/>\n\t<meta name=\"twitter:data1\" content=\"1 minute\" \/>\n<script type=\"application\/ld+json\" class=\"yoast-schema-graph\">{\"@context\":\"https:\\\/\\\/schema.org\",\"@graph\":[{\"@type\":\"WebPage\",\"@id\":\"https:\\\/\\\/turismo.regedouro.com\\\/en\\\/villager-guide\\\/\",\"url\":\"https:\\\/\\\/turismo.regedouro.com\\\/en\\\/villager-guide\\\/\",\"name\":\"[:pt]Guia do Alde\u00e3o[:en]Villager Guide[:es]Gu\u00eda del Aldeano[:] - S\u00e3o Br\u00e1s do Regedouro\",\"isPartOf\":{\"@id\":\"https:\\\/\\\/turismo.regedouro.com\\\/#website\"},\"primaryImageOfPage\":{\"@id\":\"https:\\\/\\\/turismo.regedouro.com\\\/en\\\/villager-guide\\\/#primaryimage\"},\"image\":{\"@id\":\"https:\\\/\\\/turismo.regedouro.com\\\/en\\\/villager-guide\\\/#primaryimage\"},\"thumbnailUrl\":\"https:\\\/\\\/turismo.regedouro.com\\\/wp-content\\\/uploads\\\/2023\\\/06\\\/baguinho-e-esposa-e1688565280762.jpg\",\"datePublished\":\"2024-06-07T09:01:53+00:00\",\"dateModified\":\"2025-08-28T13:18:19+00:00\",\"description\":\"Descubra tudo o que precisa saber antes de nos visitar, para tornar a sua estadia mais agrad\u00e1vel e confort\u00e1vel!\",\"breadcrumb\":{\"@id\":\"https:\\\/\\\/turismo.regedouro.com\\\/en\\\/villager-guide\\\/#breadcrumb\"},\"inLanguage\":\"en-US\",\"potentialAction\":[{\"@type\":\"ReadAction\",\"target\":[\"https:\\\/\\\/turismo.regedouro.com\\\/en\\\/villager-guide\\\/\"]}]},{\"@type\":\"ImageObject\",\"inLanguage\":\"en-US\",\"@id\":\"https:\\\/\\\/turismo.regedouro.com\\\/en\\\/villager-guide\\\/#primaryimage\",\"url\":\"https:\\\/\\\/turismo.regedouro.com\\\/wp-content\\\/uploads\\\/2023\\\/06\\\/baguinho-e-esposa-e1688565280762.jpg\",\"contentUrl\":\"https:\\\/\\\/turismo.regedouro.com\\\/wp-content\\\/uploads\\\/2023\\\/06\\\/baguinho-e-esposa-e1688565280762.jpg\",\"width\":1364,\"height\":709},{\"@type\":\"BreadcrumbList\",\"@id\":\"https:\\\/\\\/turismo.regedouro.com\\\/en\\\/villager-guide\\\/#breadcrumb\",\"itemListElement\":[{\"@type\":\"ListItem\",\"position\":1,\"name\":\"Home\",\"item\":\"https:\\\/\\\/turismo.regedouro.com\\\/es\\\/\"},{\"@type\":\"ListItem\",\"position\":2,\"name\":\"Villager Guide\"}]},{\"@type\":\"WebSite\",\"@id\":\"https:\\\/\\\/turismo.regedouro.com\\\/#website\",\"url\":\"https:\\\/\\\/turismo.regedouro.com\\\/\",\"name\":\"S\u00e3o Br\u00e1s do Regedouro - Turismo na Aldeia\",\"description\":\"Turismo na Aldeia\",\"publisher\":{\"@id\":\"https:\\\/\\\/turismo.regedouro.com\\\/#organization\"},\"potentialAction\":[{\"@type\":\"SearchAction\",\"target\":{\"@type\":\"EntryPoint\",\"urlTemplate\":\"https:\\\/\\\/turismo.regedouro.com\\\/?s={search_term_string}\"},\"query-input\":{\"@type\":\"PropertyValueSpecification\",\"valueRequired\":true,\"valueName\":\"search_term_string\"}}],\"inLanguage\":\"en-US\"},{\"@type\":\"Organization\",\"@id\":\"https:\\\/\\\/turismo.regedouro.com\\\/#organization\",\"name\":\"S\u00e3o Br\u00e1s do Regedouro - Turismo na Aldeia\",\"url\":\"https:\\\/\\\/turismo.regedouro.com\\\/\",\"logo\":{\"@type\":\"ImageObject\",\"inLanguage\":\"en-US\",\"@id\":\"https:\\\/\\\/turismo.regedouro.com\\\/#\\\/schema\\\/logo\\\/image\\\/\",\"url\":\"https:\\\/\\\/turismo.regedouro.com\\\/wp-content\\\/uploads\\\/2023\\\/06\\\/cropped-Horizontal_Azul-1.png\",\"contentUrl\":\"https:\\\/\\\/turismo.regedouro.com\\\/wp-content\\\/uploads\\\/2023\\\/06\\\/cropped-Horizontal_Azul-1.png\",\"width\":512,\"height\":512,\"caption\":\"S\u00e3o Br\u00e1s do Regedouro - Turismo na Aldeia\"},\"image\":{\"@id\":\"https:\\\/\\\/turismo.regedouro.com\\\/#\\\/schema\\\/logo\\\/image\\\/\"},\"sameAs\":[\"https:\\\/\\\/www.facebook.com\\\/saobrasdoregedouro\",\"https:\\\/\\\/www.instagram.com\\\/saobrasdoregedouro\\\/\"]}]}<\/script>\n<!-- \/ Yoast SEO plugin. -->","yoast_head_json":{"title":"[:pt]Guia do Alde\u00e3o[:en]Villager Guide[:es]Gu\u00eda del Aldeano[:] - S\u00e3o Br\u00e1s do Regedouro","description":"Descubra tudo o que precisa saber antes de nos visitar, para tornar a sua estadia mais agrad\u00e1vel e confort\u00e1vel!","robots":{"index":"index","follow":"follow","max-snippet":"max-snippet:-1","max-image-preview":"max-image-preview:large","max-video-preview":"max-video-preview:-1"},"canonical":"https:\/\/turismo.regedouro.com\/en\/villager-guide\/","og_locale":"en_US","og_type":"article","og_title":"[:pt]Guia do Alde\u00e3o[:en]Villager Guide[:es]Gu\u00eda del Aldeano[:] - S\u00e3o Br\u00e1s do Regedouro","og_description":"Descubra tudo o que precisa saber antes de nos visitar, para tornar a sua estadia mais agrad\u00e1vel e confort\u00e1vel!","og_url":"https:\/\/turismo.regedouro.com\/en\/villager-guide\/","og_site_name":"S\u00e3o Br\u00e1s do Regedouro","article_publisher":"https:\/\/www.facebook.com\/saobrasdoregedouro","article_modified_time":"2025-08-28T13:18:19+00:00","og_image":[{"width":1364,"height":709,"url":"https:\/\/turismo.regedouro.com\/wp-content\/uploads\/2023\/06\/baguinho-e-esposa-e1688565280762.jpg","type":"image\/jpeg"}],"twitter_card":"summary_large_image","twitter_misc":{"Est. reading time":"1 minute"},"schema":{"@context":"https:\/\/schema.org","@graph":[{"@type":"WebPage","@id":"https:\/\/turismo.regedouro.com\/en\/villager-guide\/","url":"https:\/\/turismo.regedouro.com\/en\/villager-guide\/","name":"[:pt]Guia do Alde\u00e3o[:en]Villager Guide[:es]Gu\u00eda del Aldeano[:] - S\u00e3o Br\u00e1s do Regedouro","isPartOf":{"@id":"https:\/\/turismo.regedouro.com\/#website"},"primaryImageOfPage":{"@id":"https:\/\/turismo.regedouro.com\/en\/villager-guide\/#primaryimage"},"image":{"@id":"https:\/\/turismo.regedouro.com\/en\/villager-guide\/#primaryimage"},"thumbnailUrl":"https:\/\/turismo.regedouro.com\/wp-content\/uploads\/2023\/06\/baguinho-e-esposa-e1688565280762.jpg","datePublished":"2024-06-07T09:01:53+00:00","dateModified":"2025-08-28T13:18:19+00:00","description":"Descubra tudo o que precisa saber antes de nos visitar, para tornar a sua estadia mais agrad\u00e1vel e confort\u00e1vel!","breadcrumb":{"@id":"https:\/\/turismo.regedouro.com\/en\/villager-guide\/#breadcrumb"},"inLanguage":"en-US","potentialAction":[{"@type":"ReadAction","target":["https:\/\/turismo.regedouro.com\/en\/villager-guide\/"]}]},{"@type":"ImageObject","inLanguage":"en-US","@id":"https:\/\/turismo.regedouro.com\/en\/villager-guide\/#primaryimage","url":"https:\/\/turismo.regedouro.com\/wp-content\/uploads\/2023\/06\/baguinho-e-esposa-e1688565280762.jpg","contentUrl":"https:\/\/turismo.regedouro.com\/wp-content\/uploads\/2023\/06\/baguinho-e-esposa-e1688565280762.jpg","width":1364,"height":709},{"@type":"BreadcrumbList","@id":"https:\/\/turismo.regedouro.com\/en\/villager-guide\/#breadcrumb","itemListElement":[{"@type":"ListItem","position":1,"name":"Home","item":"https:\/\/turismo.regedouro.com\/es\/"},{"@type":"ListItem","position":2,"name":"Villager Guide"}]},{"@type":"WebSite","@id":"https:\/\/turismo.regedouro.com\/#website","url":"https:\/\/turismo.regedouro.com\/","name":"S\u00e3o Br\u00e1s do Regedouro - Turismo na Aldeia","description":"Turismo na Aldeia","publisher":{"@id":"https:\/\/turismo.regedouro.com\/#organization"},"potentialAction":[{"@type":"SearchAction","target":{"@type":"EntryPoint","urlTemplate":"https:\/\/turismo.regedouro.com\/?s={search_term_string}"},"query-input":{"@type":"PropertyValueSpecification","valueRequired":true,"valueName":"search_term_string"}}],"inLanguage":"en-US"},{"@type":"Organization","@id":"https:\/\/turismo.regedouro.com\/#organization","name":"S\u00e3o Br\u00e1s do Regedouro - Turismo na Aldeia","url":"https:\/\/turismo.regedouro.com\/","logo":{"@type":"ImageObject","inLanguage":"en-US","@id":"https:\/\/turismo.regedouro.com\/#\/schema\/logo\/image\/","url":"https:\/\/turismo.regedouro.com\/wp-content\/uploads\/2023\/06\/cropped-Horizontal_Azul-1.png","contentUrl":"https:\/\/turismo.regedouro.com\/wp-content\/uploads\/2023\/06\/cropped-Horizontal_Azul-1.png","width":512,"height":512,"caption":"S\u00e3o Br\u00e1s do Regedouro - Turismo na Aldeia"},"image":{"@id":"https:\/\/turismo.regedouro.com\/#\/schema\/logo\/image\/"},"sameAs":["https:\/\/www.facebook.com\/saobrasdoregedouro","https:\/\/www.instagram.com\/saobrasdoregedouro\/"]}]}},"_links":{"self":[{"href":"https:\/\/turismo.regedouro.com\/en\/wp-json\/wp\/v2\/pages\/1774","targetHints":{"allow":["GET"]}}],"collection":[{"href":"https:\/\/turismo.regedouro.com\/en\/wp-json\/wp\/v2\/pages"}],"about":[{"href":"https:\/\/turismo.regedouro.com\/en\/wp-json\/wp\/v2\/types\/page"}],"author":[{"embeddable":true,"href":"https:\/\/turismo.regedouro.com\/en\/wp-json\/wp\/v2\/users\/1"}],"replies":[{"embeddable":true,"href":"https:\/\/turismo.regedouro.com\/en\/wp-json\/wp\/v2\/comments?post=1774"}],"version-history":[{"count":111,"href":"https:\/\/turismo.regedouro.com\/en\/wp-json\/wp\/v2\/pages\/1774\/revisions"}],"predecessor-version":[{"id":2422,"href":"https:\/\/turismo.regedouro.com\/en\/wp-json\/wp\/v2\/pages\/1774\/revisions\/2422"}],"wp:featuredmedia":[{"embeddable":true,"href":"https:\/\/turismo.regedouro.com\/en\/wp-json\/wp\/v2\/media\/511"}],"wp:attachment":[{"href":"https:\/\/turismo.regedouro.com\/en\/wp-json\/wp\/v2\/media?parent=1774"}],"curies":[{"name":"wp","href":"https:\/\/api.w.org\/{rel}","templated":true}]}}