{"id":1305,"date":"2024-01-31T12:17:21","date_gmt":"2024-01-31T12:17:21","guid":{"rendered":"https:\/\/turismo.regedouro.com\/?page_id=1305"},"modified":"2024-05-13T16:14:17","modified_gmt":"2024-05-13T15:14:17","slug":"sostenibilidad","status":"publish","type":"page","link":"https:\/\/turismo.regedouro.com\/en\/sustentabilidade\/","title":{"rendered":"Sustentabilidade"},"content":{"rendered":"<p class=\"qtranxs-available-languages-message qtranxs-available-languages-message-en\">Sorry, this entry is only available in <a href=\"https:\/\/turismo.regedouro.com\/pt\/wp-json\/wp\/v2\/pages\/1305\" class=\"qtranxs-available-language-link qtranxs-available-language-link-pt\" title=\"Portugu\u00eas\">Portugu\u00eas<\/a> and <a href=\"https:\/\/turismo.regedouro.com\/es\/wp-json\/wp\/v2\/pages\/1305\" class=\"qtranxs-available-language-link qtranxs-available-language-link-es\" title=\"Espa\u00f1ol\">Espa\u00f1ol<\/a>.<\/p>","protected":false},"excerpt":{"rendered":"<p>Sorry, this entry is only available in Portugu\u00eas and Espa\u00f1ol.<\/p>\n","protected":false},"author":1,"featured_media":0,"parent":0,"menu_order":0,"comment_status":"closed","ping_status":"closed","template":"","meta":{"_acf_changed":false,"_joinchat":[],"footnotes":""},"class_list":["post-1305","page","type-page","status-publish"],"acf":[],"yoast_head":"<!-- This site is optimized with the Yoast SEO plugin v27.3 - https:\/\/yoast.com\/product\/yoast-seo-wordpress\/ -->\n<title><\/title>\n<meta name=\"robots\" content=\"index, follow, max-snippet:-1, max-image-preview:large, max-video-preview:-1\" \/>\n<link rel=\"canonical\" href=\"https:\/\/turismo.regedouro.com\/es\/sostenibilidad\/\" \/>\n<meta property=\"og:locale\" content=\"en_US\" \/>\n<meta property=\"og:type\" content=\"article\" \/>\n<meta property=\"og:title\" content=\"[:pt]Sustentabilidade[:es]Sostenibilidad[:] - S\u00e3o Br\u00e1s do Regedouro\" \/>\n<meta property=\"og:description\" content=\"Sorry, this entry is only available in Portugu\u00eas and Espa\u00f1ol.\" \/>\n<meta property=\"og:url\" content=\"https:\/\/turismo.regedouro.com\/es\/sostenibilidad\/\" \/>\n<meta property=\"og:site_name\" content=\"S\u00e3o Br\u00e1s do Regedouro\" \/>\n<meta property=\"article:publisher\" content=\"https:\/\/www.facebook.com\/saobrasdoregedouro\" \/>\n<meta property=\"article:modified_time\" content=\"2024-05-13T15:14:17+00:00\" \/>\n<meta property=\"og:image\" content=\"https:\/\/turismo.regedouro.com\/wp-content\/uploads\/2023\/07\/Copia-de-038-scaled-e1691763608579.jpg\" \/>\n\t<meta property=\"og:image:width\" content=\"2000\" \/>\n\t<meta property=\"og:image:height\" content=\"1333\" \/>\n\t<meta property=\"og:image:type\" content=\"image\/jpeg\" \/>\n<meta name=\"twitter:card\" content=\"summary_large_image\" \/>\n<script type=\"application\/ld+json\" class=\"yoast-schema-graph\">{\"@context\":\"https:\\\/\\\/schema.org\",\"@graph\":[{\"@type\":\"WebPage\",\"@id\":\"https:\\\/\\\/turismo.regedouro.com\\\/es\\\/sostenibilidad\\\/\",\"url\":\"https:\\\/\\\/turismo.regedouro.com\\\/es\\\/sostenibilidad\\\/\",\"name\":\"[:pt]Sustentabilidade[:es]Sostenibilidad[:] - S\u00e3o Br\u00e1s do Regedouro\",\"isPartOf\":{\"@id\":\"https:\\\/\\\/turismo.regedouro.com\\\/#website\"},\"datePublished\":\"2024-01-31T12:17:21+00:00\",\"dateModified\":\"2024-05-13T15:14:17+00:00\",\"breadcrumb\":{\"@id\":\"https:\\\/\\\/turismo.regedouro.com\\\/es\\\/sostenibilidad\\\/#breadcrumb\"},\"inLanguage\":\"en-US\",\"potentialAction\":[{\"@type\":\"ReadAction\",\"target\":[\"https:\\\/\\\/turismo.regedouro.com\\\/es\\\/sostenibilidad\\\/\"]}]},{\"@type\":\"BreadcrumbList\",\"@id\":\"https:\\\/\\\/turismo.regedouro.com\\\/es\\\/sostenibilidad\\\/#breadcrumb\",\"itemListElement\":[{\"@type\":\"ListItem\",\"position\":1,\"name\":\"Home\",\"item\":\"https:\\\/\\\/turismo.regedouro.com\\\/es\\\/\"},{\"@type\":\"ListItem\",\"position\":2,\"name\":\"Sostenibilidad\"}]},{\"@type\":\"WebSite\",\"@id\":\"https:\\\/\\\/turismo.regedouro.com\\\/#website\",\"url\":\"https:\\\/\\\/turismo.regedouro.com\\\/\",\"name\":\"S\u00e3o Br\u00e1s do Regedouro - Turismo na Aldeia\",\"description\":\"Turismo na Aldeia\",\"publisher\":{\"@id\":\"https:\\\/\\\/turismo.regedouro.com\\\/#organization\"},\"potentialAction\":[{\"@type\":\"SearchAction\",\"target\":{\"@type\":\"EntryPoint\",\"urlTemplate\":\"https:\\\/\\\/turismo.regedouro.com\\\/?s={search_term_string}\"},\"query-input\":{\"@type\":\"PropertyValueSpecification\",\"valueRequired\":true,\"valueName\":\"search_term_string\"}}],\"inLanguage\":\"en-US\"},{\"@type\":\"Organization\",\"@id\":\"https:\\\/\\\/turismo.regedouro.com\\\/#organization\",\"name\":\"S\u00e3o Br\u00e1s do Regedouro - Turismo na Aldeia\",\"url\":\"https:\\\/\\\/turismo.regedouro.com\\\/\",\"logo\":{\"@type\":\"ImageObject\",\"inLanguage\":\"en-US\",\"@id\":\"https:\\\/\\\/turismo.regedouro.com\\\/#\\\/schema\\\/logo\\\/image\\\/\",\"url\":\"https:\\\/\\\/turismo.regedouro.com\\\/wp-content\\\/uploads\\\/2023\\\/06\\\/cropped-Horizontal_Azul-1.png\",\"contentUrl\":\"https:\\\/\\\/turismo.regedouro.com\\\/wp-content\\\/uploads\\\/2023\\\/06\\\/cropped-Horizontal_Azul-1.png\",\"width\":512,\"height\":512,\"caption\":\"S\u00e3o Br\u00e1s do Regedouro - Turismo na Aldeia\"},\"image\":{\"@id\":\"https:\\\/\\\/turismo.regedouro.com\\\/#\\\/schema\\\/logo\\\/image\\\/\"},\"sameAs\":[\"https:\\\/\\\/www.facebook.com\\\/saobrasdoregedouro\",\"https:\\\/\\\/www.instagram.com\\\/saobrasdoregedouro\\\/\"]}]}<\/script>\n<!-- \/ Yoast SEO plugin. -->","yoast_head_json":{"title":"[:pt]Sustentabilidade[:es]Sostenibilidad[:] - S\u00e3o Br\u00e1s do Regedouro","robots":{"index":"index","follow":"follow","max-snippet":"max-snippet:-1","max-image-preview":"max-image-preview:large","max-video-preview":"max-video-preview:-1"},"canonical":"https:\/\/turismo.regedouro.com\/es\/sostenibilidad\/","og_locale":"en_US","og_type":"article","og_title":"[:pt]Sustentabilidade[:es]Sostenibilidad[:] - S\u00e3o Br\u00e1s do Regedouro","og_description":"Sorry, this entry is only available in Portugu\u00eas and Espa\u00f1ol.","og_url":"https:\/\/turismo.regedouro.com\/es\/sostenibilidad\/","og_site_name":"S\u00e3o Br\u00e1s do Regedouro","article_publisher":"https:\/\/www.facebook.com\/saobrasdoregedouro","article_modified_time":"2024-05-13T15:14:17+00:00","og_image":[{"width":2000,"height":1333,"url":"https:\/\/turismo.regedouro.com\/wp-content\/uploads\/2023\/07\/Copia-de-038-scaled-e1691763608579.jpg","type":"image\/jpeg"}],"twitter_card":"summary_large_image","schema":{"@context":"https:\/\/schema.org","@graph":[{"@type":"WebPage","@id":"https:\/\/turismo.regedouro.com\/es\/sostenibilidad\/","url":"https:\/\/turismo.regedouro.com\/es\/sostenibilidad\/","name":"[:pt]Sustentabilidade[:es]Sostenibilidad[:] - S\u00e3o Br\u00e1s do Regedouro","isPartOf":{"@id":"https:\/\/turismo.regedouro.com\/#website"},"datePublished":"2024-01-31T12:17:21+00:00","dateModified":"2024-05-13T15:14:17+00:00","breadcrumb":{"@id":"https:\/\/turismo.regedouro.com\/es\/sostenibilidad\/#breadcrumb"},"inLanguage":"en-US","potentialAction":[{"@type":"ReadAction","target":["https:\/\/turismo.regedouro.com\/es\/sostenibilidad\/"]}]},{"@type":"BreadcrumbList","@id":"https:\/\/turismo.regedouro.com\/es\/sostenibilidad\/#breadcrumb","itemListElement":[{"@type":"ListItem","position":1,"name":"Home","item":"https:\/\/turismo.regedouro.com\/es\/"},{"@type":"ListItem","position":2,"name":"Sostenibilidad"}]},{"@type":"WebSite","@id":"https:\/\/turismo.regedouro.com\/#website","url":"https:\/\/turismo.regedouro.com\/","name":"S\u00e3o Br\u00e1s do Regedouro - Turismo na Aldeia","description":"Turismo na Aldeia","publisher":{"@id":"https:\/\/turismo.regedouro.com\/#organization"},"potentialAction":[{"@type":"SearchAction","target":{"@type":"EntryPoint","urlTemplate":"https:\/\/turismo.regedouro.com\/?s={search_term_string}"},"query-input":{"@type":"PropertyValueSpecification","valueRequired":true,"valueName":"search_term_string"}}],"inLanguage":"en-US"},{"@type":"Organization","@id":"https:\/\/turismo.regedouro.com\/#organization","name":"S\u00e3o Br\u00e1s do Regedouro - Turismo na Aldeia","url":"https:\/\/turismo.regedouro.com\/","logo":{"@type":"ImageObject","inLanguage":"en-US","@id":"https:\/\/turismo.regedouro.com\/#\/schema\/logo\/image\/","url":"https:\/\/turismo.regedouro.com\/wp-content\/uploads\/2023\/06\/cropped-Horizontal_Azul-1.png","contentUrl":"https:\/\/turismo.regedouro.com\/wp-content\/uploads\/2023\/06\/cropped-Horizontal_Azul-1.png","width":512,"height":512,"caption":"S\u00e3o Br\u00e1s do Regedouro - Turismo na Aldeia"},"image":{"@id":"https:\/\/turismo.regedouro.com\/#\/schema\/logo\/image\/"},"sameAs":["https:\/\/www.facebook.com\/saobrasdoregedouro","https:\/\/www.instagram.com\/saobrasdoregedouro\/"]}]}},"_links":{"self":[{"href":"https:\/\/turismo.regedouro.com\/en\/wp-json\/wp\/v2\/pages\/1305","targetHints":{"allow":["GET"]}}],"collection":[{"href":"https:\/\/turismo.regedouro.com\/en\/wp-json\/wp\/v2\/pages"}],"about":[{"href":"https:\/\/turismo.regedouro.com\/en\/wp-json\/wp\/v2\/types\/page"}],"author":[{"embeddable":true,"href":"https:\/\/turismo.regedouro.com\/en\/wp-json\/wp\/v2\/users\/1"}],"replies":[{"embeddable":true,"href":"https:\/\/turismo.regedouro.com\/en\/wp-json\/wp\/v2\/comments?post=1305"}],"version-history":[{"count":11,"href":"https:\/\/turismo.regedouro.com\/en\/wp-json\/wp\/v2\/pages\/1305\/revisions"}],"predecessor-version":[{"id":1649,"href":"https:\/\/turismo.regedouro.com\/en\/wp-json\/wp\/v2\/pages\/1305\/revisions\/1649"}],"wp:attachment":[{"href":"https:\/\/turismo.regedouro.com\/en\/wp-json\/wp\/v2\/media?parent=1305"}],"curies":[{"name":"wp","href":"https:\/\/api.w.org\/{rel}","templated":true}]}}